{"id":1129,"date":"2015-10-28T14:10:29","date_gmt":"2015-10-28T13:10:29","guid":{"rendered":"http:\/\/mariorodriguezruiz.com\/?page_id=1129"},"modified":"2015-12-12T09:54:47","modified_gmt":"2015-12-12T08:54:47","slug":"el-paisaje-de-lo-cotidiano","status":"publish","type":"page","link":"https:\/\/mariorodriguezruiz.com\/?page_id=1129","title":{"rendered":""},"content":{"rendered":"<p><strong>Francisco Javier Consuegra<\/strong>: Cat\u00e1logo de la muestra <em>El paisaje de lo cotidiano<\/em>, celebrada en la sala Luis Garay. Universidad de Murcia, noviembre &#8211; diciembre de 2006.<\/p>\n<p>&nbsp;<\/p>\n<p><em>\u201cla belleza art\u00edstica, no consiste en representar una cosa bella, <\/em><\/p>\n<p><em>sino en la bella representaci\u00f3n de una cosa\u201d. <\/em><\/p>\n<p>Emmanuel Kant.<\/p>\n<p>&nbsp;<\/p>\n<p>La propuesta art\u00edstica que presenta Mario Rodr\u00edguez Ruiz en esta ocasi\u00f3n nos adentra de lleno al mundo de lo cotidiano present\u00e1ndolo con una dimensi\u00f3n muy especial, \u00edntima.<\/p>\n<p>Es un artista cuyo trabajo se centra en observar la realidad sin quedarse en mero espectador que plasma lo que ve, no, \u00e9l observa para adentrarse en el paisaje de lo cotidiano, en los elementos que conforman su entorno m\u00e1s inmediato dotando a ese mundo objetual que lo rodea de una gran transcendentalidad.<\/p>\n<p>Su obra nos permite aproximarnos de forma muy directa a la vida, a nuestra vida. La maestr\u00eda de su trazo, la suavidad y definici\u00f3n de sus l\u00edneas y la fuerza de su cromatismo nos acercan a objetos conocidos pero en los que no hab\u00edamos reparado, formas grises o de color llenas de alma, compa\u00f1eras del d\u00eda a d\u00eda, dotadas de una existencia ef\u00edmera como nuestra propia vida. Ah\u00ed est\u00e1n, calles vac\u00edas; \u00e1rboles y tejados que podemos ver desde nuestra ventana al despertar; gentes que deambulan solas; ambientes que nos miran, que pasan, como el tiempo, frente a nosotros; espacios vac\u00edos y solitarios pero al mismo tiempo llenos de matices; plantas y vegetales sobre fondos que descubren caminos y planos por los que nuestra mirada se enriquece y sensibiliza\u2026 en definitiva im\u00e1genes que podr\u00edan ser consideradas como banales pero que dejan de serlo al ser filtradas e interpretadas por su mirada y su mano, permitiendo que quien se detenga en su obra reflexione sobre su importancia.<\/p>\n<p>Con esta muestra, Mario evoluciona y madura en su trayectoria puesto que se detiene, escoge, selecciona los detalles de lo general, de los ambientes pasa a lo peque\u00f1o, rescata aquello que puede pasar desapercibido para dotarlo de significado y \u00bfpara qu\u00e9?, para realizar lo que nunca solemos hacer, pararnos un momento para dejar de ver y ponernos a mirar aquello que nos rodea, aquello que nos puede permitir sentirnos bien aunque nos pueda incluso entristecer, producir a\u00f1oranza o simplemente recordar lo solos que podemos llegar a estar.<\/p>\n<p>A lo largo de nuestra vida muchas cosas y personas pasan, llegan incluso a perder el sentido que en alg\u00fan momento tuvieron, transitaron por ella para no dejar ni rastro. Nos llueven los a\u00f1os y sus acontecimientos y es por ello por lo que nos hace falta, en ocasiones, detenernos para recuperar lo recuperable, lo transcendental que generalmente est\u00e1 en lo peque\u00f1o, en lo cercano y si eso es o forma parte de lo cotidiano en nuestra vida tendr\u00e1 el significado que cada uno de nosotros le queramos dar. Gracias Mario por acercarnos a tu mundo, a nuestro mundo.<\/p>\n<p>&nbsp;<\/p>\n<p>&nbsp;<\/p>\n","protected":false},"excerpt":{"rendered":"<p>Francisco Javier Consuegra: Cat\u00e1logo de la muestra El paisaje de lo cotidiano, celebrada en la sala Luis Garay. Universidad de Murcia, noviembre&#8230;<\/p>\n","protected":false},"author":1,"featured_media":0,"parent":0,"menu_order":0,"comment_status":"closed","ping_status":"closed","template":"","meta":{"footnotes":""},"class_list":["post-1129","page","type-page","status-publish","hentry"],"jetpack_sharing_enabled":true,"_links":{"self":[{"href":"https:\/\/mariorodriguezruiz.com\/index.php?rest_route=\/wp\/v2\/pages\/1129","targetHints":{"allow":["GET"]}}],"collection":[{"href":"https:\/\/mariorodriguezruiz.com\/index.php?rest_route=\/wp\/v2\/pages"}],"about":[{"href":"https:\/\/mariorodriguezruiz.com\/index.php?rest_route=\/wp\/v2\/types\/page"}],"author":[{"embeddable":true,"href":"https:\/\/mariorodriguezruiz.com\/index.php?rest_route=\/wp\/v2\/users\/1"}],"replies":[{"embeddable":true,"href":"https:\/\/mariorodriguezruiz.com\/index.php?rest_route=%2Fwp%2Fv2%2Fcomments&post=1129"}],"version-history":[{"count":4,"href":"https:\/\/mariorodriguezruiz.com\/index.php?rest_route=\/wp\/v2\/pages\/1129\/revisions"}],"predecessor-version":[{"id":1248,"href":"https:\/\/mariorodriguezruiz.com\/index.php?rest_route=\/wp\/v2\/pages\/1129\/revisions\/1248"}],"wp:attachment":[{"href":"https:\/\/mariorodriguezruiz.com\/index.php?rest_route=%2Fwp%2Fv2%2Fmedia&parent=1129"}],"curies":[{"name":"wp","href":"https:\/\/api.w.org\/{rel}","templated":true}]}}