{"id":1376,"date":"2016-02-06T15:05:22","date_gmt":"2016-02-06T14:05:22","guid":{"rendered":"http:\/\/mariorodriguezruiz.com\/?page_id=1376"},"modified":"2024-10-06T08:38:44","modified_gmt":"2024-10-06T06:38:44","slug":"proyecto-saludarte","status":"publish","type":"page","link":"https:\/\/mariorodriguezruiz.com\/?page_id=1376","title":{"rendered":"Proyecto Saludate"},"content":{"rendered":"<p style=\"text-align: justify;\">Con motivo de la exposici\u00f3n <em>Procesos<\/em> <em>alterados. Emoci\u00f3n y t\u00e9cnica<\/em>, comisariada por <a href=\"http:\/\/elmiradordelarte.blogspot.com.es\/2015\/12\/extremos-emocionales-pasion-y-razon-en.html\" target=\"_blank\" rel=\"noopener\">Natalia Molios Navarro<\/a>, fueron organizadas varias visitas guiadas. Una de ellas cont\u00f3 con la presencia de los participantes en el Taller de Arte del Proyecto Saludate, desarrollado por Miguel \u00c1ngel Garc\u00eda. Centro de inserci\u00f3n socio-laboral, formaci\u00f3n y rehabilitaci\u00f3n personal <em>Surco<\/em> (Alicante).<\/p>\n<p style=\"text-align: justify;\">Miguel \u00c1ngel Garc\u00eda plante\u00f3 una propuesta a sus alumnos del Taller de Arte: realizar una interpretaci\u00f3n libre de las obras expuestas. Y estos fueron los resultados.<\/p>\n","protected":false},"excerpt":{"rendered":"<p>Con motivo de la exposici\u00f3n Procesos alterados. Emoci\u00f3n y t\u00e9cnica, comisariada por Natalia Molios Navarro, fueron organizadas varias visitas guiadas. Una de&#8230;<\/p>\n","protected":false},"author":1,"featured_media":0,"parent":0,"menu_order":0,"comment_status":"closed","ping_status":"closed","template":"portfolioconentrada.php","meta":{"footnotes":""},"class_list":["post-1376","page","type-page","status-publish","hentry"],"jetpack_sharing_enabled":true,"_links":{"self":[{"href":"https:\/\/mariorodriguezruiz.com\/index.php?rest_route=\/wp\/v2\/pages\/1376","targetHints":{"allow":["GET"]}}],"collection":[{"href":"https:\/\/mariorodriguezruiz.com\/index.php?rest_route=\/wp\/v2\/pages"}],"about":[{"href":"https:\/\/mariorodriguezruiz.com\/index.php?rest_route=\/wp\/v2\/types\/page"}],"author":[{"embeddable":true,"href":"https:\/\/mariorodriguezruiz.com\/index.php?rest_route=\/wp\/v2\/users\/1"}],"replies":[{"embeddable":true,"href":"https:\/\/mariorodriguezruiz.com\/index.php?rest_route=%2Fwp%2Fv2%2Fcomments&post=1376"}],"version-history":[{"count":10,"href":"https:\/\/mariorodriguezruiz.com\/index.php?rest_route=\/wp\/v2\/pages\/1376\/revisions"}],"predecessor-version":[{"id":2490,"href":"https:\/\/mariorodriguezruiz.com\/index.php?rest_route=\/wp\/v2\/pages\/1376\/revisions\/2490"}],"wp:attachment":[{"href":"https:\/\/mariorodriguezruiz.com\/index.php?rest_route=%2Fwp%2Fv2%2Fmedia&parent=1376"}],"curies":[{"name":"wp","href":"https:\/\/api.w.org\/{rel}","templated":true}]}}