{"id":2278,"date":"2024-02-14T20:26:02","date_gmt":"2024-02-14T19:26:02","guid":{"rendered":"https:\/\/mariorodriguezruiz.com\/?page_id=2278"},"modified":"2024-02-14T21:16:52","modified_gmt":"2024-02-14T20:16:52","slug":"blog-diseno-basico","status":"publish","type":"page","link":"https:\/\/mariorodriguezruiz.com\/?page_id=2278","title":{"rendered":"Blog Dise\u00f1o B\u00e1sico"},"content":{"rendered":"\n<p>El <a rel=\"noreferrer noopener\" href=\"https:\/\/blog.mariorodriguezruiz.com\/\" data-type=\"URL\" data-id=\"https:\/\/blog.mariorodriguezruiz.com\/\" target=\"_blank\">blog Dise\u00f1o B\u00e1sico<\/a> fue creado en 2013 por Mario Rodr\u00edguez Ruiz junto a Ana Piera Llorens y Sonia Rodr\u00edguez Ruiz, con el fin de establecer una plataforma que en cierto modo recogiese parte de su experiencia en el \u00e1mbito de la educaci\u00f3n y el dise\u00f1o web. Desde entonces han impartido clases en el M\u00e1ster en Arte y Dise\u00f1o para Realidades Extendidas y Videojuegos, los Grados de Dise\u00f1o Gr\u00e1fico, Interiores, Moda y Producto, as\u00ed como en los Ciclos Superiores de Gr\u00e1fica Publicitaria, Ilustraci\u00f3n, Maquetismo, Cer\u00e1mica, Proyectos y Direcci\u00f3n de Obras de Decoraci\u00f3n, Arquitectura Ef\u00edmera, Moda y Dise\u00f1o Textil. <\/p>\n\n\n\n<p>A lo largo de estos a\u00f1os han utilizado diferentes recursos: libros, v\u00eddeos, p\u00e1ginas web, etc. Y el blog Dise\u00f1o B\u00e1sico ha sido utilizado como plataforma para ponerlos a disposici\u00f3n de estudiantes, profesores y dise\u00f1adores.<\/p>\n\n\n\n<p>Adem\u00e1s, el blog constituye un canal de comunicaci\u00f3n mediante el cual se informa sobre actividades culturales y concursos. Y tambi\u00e9n se intenta dar difusi\u00f3n a los espacios que ofrecen a dise\u00f1adores y artistas la oportunidad de mostrar sus trabajos. Tanto virtuales como f\u00edsicos.<\/p>\n\n\n\n<p><\/p>\n","protected":false},"excerpt":{"rendered":"<p>El blog Dise\u00f1o B\u00e1sico fue creado en 2013 por Mario Rodr\u00edguez Ruiz junto a Ana Piera Llorens y Sonia Rodr\u00edguez Ruiz, con&#8230;<\/p>\n","protected":false},"author":1,"featured_media":0,"parent":0,"menu_order":0,"comment_status":"closed","ping_status":"closed","template":"","meta":{"footnotes":""},"class_list":["post-2278","page","type-page","status-publish","hentry"],"jetpack_sharing_enabled":true,"_links":{"self":[{"href":"https:\/\/mariorodriguezruiz.com\/index.php?rest_route=\/wp\/v2\/pages\/2278","targetHints":{"allow":["GET"]}}],"collection":[{"href":"https:\/\/mariorodriguezruiz.com\/index.php?rest_route=\/wp\/v2\/pages"}],"about":[{"href":"https:\/\/mariorodriguezruiz.com\/index.php?rest_route=\/wp\/v2\/types\/page"}],"author":[{"embeddable":true,"href":"https:\/\/mariorodriguezruiz.com\/index.php?rest_route=\/wp\/v2\/users\/1"}],"replies":[{"embeddable":true,"href":"https:\/\/mariorodriguezruiz.com\/index.php?rest_route=%2Fwp%2Fv2%2Fcomments&post=2278"}],"version-history":[{"count":8,"href":"https:\/\/mariorodriguezruiz.com\/index.php?rest_route=\/wp\/v2\/pages\/2278\/revisions"}],"predecessor-version":[{"id":2297,"href":"https:\/\/mariorodriguezruiz.com\/index.php?rest_route=\/wp\/v2\/pages\/2278\/revisions\/2297"}],"wp:attachment":[{"href":"https:\/\/mariorodriguezruiz.com\/index.php?rest_route=%2Fwp%2Fv2%2Fmedia&parent=2278"}],"curies":[{"name":"wp","href":"https:\/\/api.w.org\/{rel}","templated":true}]}}