{"id":26,"date":"2014-10-30T17:56:13","date_gmt":"2014-10-30T16:56:13","guid":{"rendered":"http:\/\/mariorodriguezruiz.com\/?page_id=26"},"modified":"2023-09-16T15:03:06","modified_gmt":"2023-09-16T13:03:06","slug":"cabezas","status":"publish","type":"page","link":"https:\/\/mariorodriguezruiz.com\/?page_id=26","title":{"rendered":"Retratos robot"},"content":{"rendered":"<p>Este proyecto fue concebido como un medio para analizar el fen\u00f3meno de la inmigraci\u00f3n y el mestizaje de culturas desde un punto de vista art\u00edstico, buscando la comunicaci\u00f3n con nuestro entorno social.<\/p>\n<p>Los retratos robot llaman la atenci\u00f3n por su expresividad y su frescura. En esencia son collages donde se combinan fragmentos de diferentes im\u00e1genes. El objetivo m\u00e1s destacable de esta serie fue invertir el significado del retrato robot, construyendo una propuesta integradora donde se combinan fragmentos pertenecientes a personas de diferentes edades, g\u00e9neros, y grupos \u00e9tnicos.<\/p>\n","protected":false},"excerpt":{"rendered":"<p>Este proyecto fue concebido como un medio para analizar el fen\u00f3meno de la inmigraci\u00f3n y el mestizaje de culturas desde un punto&#8230;<\/p>\n","protected":false},"author":1,"featured_media":0,"parent":0,"menu_order":0,"comment_status":"open","ping_status":"open","template":"portfolioconentrada.php","meta":{"footnotes":""},"class_list":["post-26","page","type-page","status-publish","hentry"],"jetpack_sharing_enabled":true,"_links":{"self":[{"href":"https:\/\/mariorodriguezruiz.com\/index.php?rest_route=\/wp\/v2\/pages\/26","targetHints":{"allow":["GET"]}}],"collection":[{"href":"https:\/\/mariorodriguezruiz.com\/index.php?rest_route=\/wp\/v2\/pages"}],"about":[{"href":"https:\/\/mariorodriguezruiz.com\/index.php?rest_route=\/wp\/v2\/types\/page"}],"author":[{"embeddable":true,"href":"https:\/\/mariorodriguezruiz.com\/index.php?rest_route=\/wp\/v2\/users\/1"}],"replies":[{"embeddable":true,"href":"https:\/\/mariorodriguezruiz.com\/index.php?rest_route=%2Fwp%2Fv2%2Fcomments&post=26"}],"version-history":[{"count":6,"href":"https:\/\/mariorodriguezruiz.com\/index.php?rest_route=\/wp\/v2\/pages\/26\/revisions"}],"predecessor-version":[{"id":2237,"href":"https:\/\/mariorodriguezruiz.com\/index.php?rest_route=\/wp\/v2\/pages\/26\/revisions\/2237"}],"wp:attachment":[{"href":"https:\/\/mariorodriguezruiz.com\/index.php?rest_route=%2Fwp%2Fv2%2Fmedia&parent=26"}],"curies":[{"name":"wp","href":"https:\/\/api.w.org\/{rel}","templated":true}]}}