{"id":282,"date":"2014-11-02T17:56:30","date_gmt":"2014-11-02T16:56:30","guid":{"rendered":"http:\/\/mariorodriguezruiz.com\/?page_id=282"},"modified":"2019-05-09T17:06:02","modified_gmt":"2019-05-09T16:06:02","slug":"cabezas-2","status":"publish","type":"page","link":"https:\/\/mariorodriguezruiz.com\/?page_id=282","title":{"rendered":"Cabezas"},"content":{"rendered":"<p><span class=\"fbPhotoCaptionText\">Esta serie surgi\u00f3 principalmente de motivaciones formales. La necesidad de extender los par\u00e1metros que hab\u00edan marcado hasta entonces mi l\u00ednea de trabajo en busca de una mayor expresividad coincidi\u00f3 con el descubrimiento de la rica mezcla de culturas existente en Nuevo M\u00e9xico. La incidencia que \u00e9sta tuvo en el desarrollo experimentado por las pinturas de esta serie se puede ver en la utilizaci\u00f3n de una factura m\u00e1s expresiva y una acentuaci\u00f3n de los v\u00ednculos con el arte realizado por culturas ancestrales, como la de los indios Pueblo, la etrusca o la egipcia.<\/span><\/p>\n","protected":false},"excerpt":{"rendered":"<p>Esta serie surgi\u00f3 principalmente de motivaciones formales. La necesidad de extender los par\u00e1metros que hab\u00edan marcado hasta entonces mi l\u00ednea de trabajo&#8230;<\/p>\n","protected":false},"author":1,"featured_media":0,"parent":0,"menu_order":0,"comment_status":"open","ping_status":"open","template":"portfolioconentrada.php","meta":{"footnotes":""},"class_list":["post-282","page","type-page","status-publish","hentry"],"jetpack_sharing_enabled":true,"_links":{"self":[{"href":"https:\/\/mariorodriguezruiz.com\/index.php?rest_route=\/wp\/v2\/pages\/282","targetHints":{"allow":["GET"]}}],"collection":[{"href":"https:\/\/mariorodriguezruiz.com\/index.php?rest_route=\/wp\/v2\/pages"}],"about":[{"href":"https:\/\/mariorodriguezruiz.com\/index.php?rest_route=\/wp\/v2\/types\/page"}],"author":[{"embeddable":true,"href":"https:\/\/mariorodriguezruiz.com\/index.php?rest_route=\/wp\/v2\/users\/1"}],"replies":[{"embeddable":true,"href":"https:\/\/mariorodriguezruiz.com\/index.php?rest_route=%2Fwp%2Fv2%2Fcomments&post=282"}],"version-history":[{"count":2,"href":"https:\/\/mariorodriguezruiz.com\/index.php?rest_route=\/wp\/v2\/pages\/282\/revisions"}],"predecessor-version":[{"id":401,"href":"https:\/\/mariorodriguezruiz.com\/index.php?rest_route=\/wp\/v2\/pages\/282\/revisions\/401"}],"wp:attachment":[{"href":"https:\/\/mariorodriguezruiz.com\/index.php?rest_route=%2Fwp%2Fv2%2Fmedia&parent=282"}],"curies":[{"name":"wp","href":"https:\/\/api.w.org\/{rel}","templated":true}]}}