{"id":309,"date":"2014-11-03T20:03:56","date_gmt":"2014-11-03T19:03:56","guid":{"rendered":"http:\/\/mariorodriguezruiz.com\/?page_id=309"},"modified":"2015-10-29T18:44:39","modified_gmt":"2015-10-29T17:44:39","slug":"pinturas","status":"publish","type":"page","link":"https:\/\/mariorodriguezruiz.com\/?page_id=309","title":{"rendered":"Pinturas y dibujos"},"content":{"rendered":"<p>En la mayor\u00eda de obras que forman parte de este proyecto, la gama crom\u00e1tica ha sido reducida, casi exclusivamente, al negro, el rojo y el blanco, con una doble intenci\u00f3n simb\u00f3lica:<\/p>\n<ol>\n<li>Conectar con el origen de la pintura, con la intencionalidad m\u00e1gica de los murales primitivos, en los que predominan estos colores.<\/li>\n<li>Utilizar el color rojo para transmitir la idea de carne, y el color negro para representar el fuego que genera vida, pero que tambi\u00e9n deja marcas.<\/li>\n<\/ol>\n<p>El nivel de iconicidad var\u00eda en funci\u00f3n de las necesidades expresivas de cada obra, conformando un planteamiento est\u00e9tico que se nutre del neoexpresionismo, los nuevos realismos, el arte primitivo, las manifestaciones populares y los medios de masas.<\/p>\n<p>El <strong>proceso<\/strong> seguido en todos los cuadros que forman parte de este proyecto ha sido el siguiente:<\/p>\n<ol>\n<li>Recopilaci\u00f3n de documentaci\u00f3n gr\u00e1fica.<\/li>\n<li>Primeras intervenciones sobre el lienzo.<\/li>\n<li>Registro fotogr\u00e1fico del resultado.<\/li>\n<li>Intervenci\u00f3n digital sobre el registro fotogr\u00e1fico.<\/li>\n<li>Utilizaci\u00f3n del resultado como referente para intervenir nuevamente en el lienzo.<\/li>\n<\/ol>\n","protected":false},"excerpt":{"rendered":"<p>En la mayor\u00eda de obras que forman parte de este proyecto, la gama crom\u00e1tica ha sido reducida, casi exclusivamente, al negro, el&#8230;<\/p>\n","protected":false},"author":1,"featured_media":0,"parent":0,"menu_order":0,"comment_status":"open","ping_status":"open","template":"portfolio.php","meta":{"footnotes":""},"class_list":["post-309","page","type-page","status-publish","hentry"],"jetpack_sharing_enabled":true,"_links":{"self":[{"href":"https:\/\/mariorodriguezruiz.com\/index.php?rest_route=\/wp\/v2\/pages\/309","targetHints":{"allow":["GET"]}}],"collection":[{"href":"https:\/\/mariorodriguezruiz.com\/index.php?rest_route=\/wp\/v2\/pages"}],"about":[{"href":"https:\/\/mariorodriguezruiz.com\/index.php?rest_route=\/wp\/v2\/types\/page"}],"author":[{"embeddable":true,"href":"https:\/\/mariorodriguezruiz.com\/index.php?rest_route=\/wp\/v2\/users\/1"}],"replies":[{"embeddable":true,"href":"https:\/\/mariorodriguezruiz.com\/index.php?rest_route=%2Fwp%2Fv2%2Fcomments&post=309"}],"version-history":[{"count":3,"href":"https:\/\/mariorodriguezruiz.com\/index.php?rest_route=\/wp\/v2\/pages\/309\/revisions"}],"predecessor-version":[{"id":1136,"href":"https:\/\/mariorodriguezruiz.com\/index.php?rest_route=\/wp\/v2\/pages\/309\/revisions\/1136"}],"wp:attachment":[{"href":"https:\/\/mariorodriguezruiz.com\/index.php?rest_route=%2Fwp%2Fv2%2Fmedia&parent=309"}],"curies":[{"name":"wp","href":"https:\/\/api.w.org\/{rel}","templated":true}]}}