{"id":343,"date":"2014-11-03T20:28:35","date_gmt":"2014-11-03T19:28:35","guid":{"rendered":"http:\/\/mariorodriguezruiz.com\/?page_id=343"},"modified":"2015-10-15T12:38:41","modified_gmt":"2015-10-15T11:38:41","slug":"nuevo-mexico-2","status":"publish","type":"page","link":"https:\/\/mariorodriguezruiz.com\/?page_id=343","title":{"rendered":"Nuevo M\u00e9xico"},"content":{"rendered":"<p>Durante el verano de 2002 tuve la oportunidad de desarrollar mi l\u00ednea de investigaci\u00f3n en el Santa Fe Art Institute. Participar en el programa de arte <em>Terra Firma: Common Ground<\/em>, organizado por el SFAI me permiti\u00f3 concentrar mi tarea en la relaci\u00f3n entre el ser humano y su medio vital, trabajando a partir del que para m\u00ed era un entorno nuevo: Nuevo M\u00e9xico y sus habitantes, las carreteras, los coches, los paisajes des\u00e9rticos, los edificios, etc. Se trataba de intentar captar el pulso de la vida cotidiana, representando figuras humanas al mismo tiempo que pensaba en maderas desgastadas, en la hierba seca que crece en las cunetas, en los hierros oxidados de los coches, etc.<\/p>\n<p>Mi proyecto fue desarrollado a partir del reciclaje de im\u00e1genes contempor\u00e1neas halladas en peri\u00f3dicos y revistas, de las fotograf\u00edas realizadas por m\u00ed y de apuntes realizados del natural. Los resultados pudieron verse en la exposici\u00f3n que present\u00e9 en la sala de exposiciones del SFAI, la cual fue incluida en el programa <em>Terra Firma: Common Ground<\/em><em>.<\/em><\/p>\n","protected":false},"excerpt":{"rendered":"<p>Durante el verano de 2002 tuve la oportunidad de desarrollar mi l\u00ednea de investigaci\u00f3n en el Santa Fe Art Institute. Participar en&#8230;<\/p>\n","protected":false},"author":1,"featured_media":0,"parent":0,"menu_order":0,"comment_status":"open","ping_status":"open","template":"portfolioconentrada.php","meta":{"footnotes":""},"class_list":["post-343","page","type-page","status-publish","hentry"],"jetpack_sharing_enabled":true,"_links":{"self":[{"href":"https:\/\/mariorodriguezruiz.com\/index.php?rest_route=\/wp\/v2\/pages\/343","targetHints":{"allow":["GET"]}}],"collection":[{"href":"https:\/\/mariorodriguezruiz.com\/index.php?rest_route=\/wp\/v2\/pages"}],"about":[{"href":"https:\/\/mariorodriguezruiz.com\/index.php?rest_route=\/wp\/v2\/types\/page"}],"author":[{"embeddable":true,"href":"https:\/\/mariorodriguezruiz.com\/index.php?rest_route=\/wp\/v2\/users\/1"}],"replies":[{"embeddable":true,"href":"https:\/\/mariorodriguezruiz.com\/index.php?rest_route=%2Fwp%2Fv2%2Fcomments&post=343"}],"version-history":[{"count":4,"href":"https:\/\/mariorodriguezruiz.com\/index.php?rest_route=\/wp\/v2\/pages\/343\/revisions"}],"predecessor-version":[{"id":625,"href":"https:\/\/mariorodriguezruiz.com\/index.php?rest_route=\/wp\/v2\/pages\/343\/revisions\/625"}],"wp:attachment":[{"href":"https:\/\/mariorodriguezruiz.com\/index.php?rest_route=%2Fwp%2Fv2%2Fmedia&parent=343"}],"curies":[{"name":"wp","href":"https:\/\/api.w.org\/{rel}","templated":true}]}}