{"id":426,"date":"2014-11-13T13:53:58","date_gmt":"2014-11-13T12:53:58","guid":{"rendered":"http:\/\/mariorodriguezruiz.com\/?page_id=426"},"modified":"2015-10-15T10:19:19","modified_gmt":"2015-10-15T09:19:19","slug":"retratos","status":"publish","type":"page","link":"https:\/\/mariorodriguezruiz.com\/?page_id=426","title":{"rendered":"Retratos"},"content":{"rendered":"<p>Cronol\u00f3gicamente, esta serie es paralela a la serie <em>\u00c1ngeles<\/em>. Ambas coinciden en la t\u00e9cnica utilizada, donde el dibujo es combinado con diferentes tipos de pintura mediante el collage. Los rasgos caracter\u00edsticos propios de estos retratos son la reflexi\u00f3n sobre la representaci\u00f3n tradicional del espacio y la utilizaci\u00f3n de la desproporci\u00f3n como recurso expresivo.<\/p>\n","protected":false},"excerpt":{"rendered":"<p>Cronol\u00f3gicamente, esta serie es paralela a la serie \u00c1ngeles. Ambas coinciden en la t\u00e9cnica utilizada, donde el dibujo es combinado con diferentes&#8230;<\/p>\n","protected":false},"author":1,"featured_media":0,"parent":0,"menu_order":0,"comment_status":"open","ping_status":"open","template":"portfolioconentrada.php","meta":{"footnotes":""},"class_list":["post-426","page","type-page","status-publish","hentry"],"jetpack_sharing_enabled":true,"_links":{"self":[{"href":"https:\/\/mariorodriguezruiz.com\/index.php?rest_route=\/wp\/v2\/pages\/426","targetHints":{"allow":["GET"]}}],"collection":[{"href":"https:\/\/mariorodriguezruiz.com\/index.php?rest_route=\/wp\/v2\/pages"}],"about":[{"href":"https:\/\/mariorodriguezruiz.com\/index.php?rest_route=\/wp\/v2\/types\/page"}],"author":[{"embeddable":true,"href":"https:\/\/mariorodriguezruiz.com\/index.php?rest_route=\/wp\/v2\/users\/1"}],"replies":[{"embeddable":true,"href":"https:\/\/mariorodriguezruiz.com\/index.php?rest_route=%2Fwp%2Fv2%2Fcomments&post=426"}],"version-history":[{"count":4,"href":"https:\/\/mariorodriguezruiz.com\/index.php?rest_route=\/wp\/v2\/pages\/426\/revisions"}],"predecessor-version":[{"id":629,"href":"https:\/\/mariorodriguezruiz.com\/index.php?rest_route=\/wp\/v2\/pages\/426\/revisions\/629"}],"wp:attachment":[{"href":"https:\/\/mariorodriguezruiz.com\/index.php?rest_route=%2Fwp%2Fv2%2Fmedia&parent=426"}],"curies":[{"name":"wp","href":"https:\/\/api.w.org\/{rel}","templated":true}]}}