{"id":489,"date":"2014-11-13T15:03:12","date_gmt":"2014-11-13T14:03:12","guid":{"rendered":"http:\/\/mariorodriguezruiz.com\/?page_id=489"},"modified":"2019-05-09T17:04:36","modified_gmt":"2019-05-09T16:04:36","slug":"angeles-3","status":"publish","type":"page","link":"https:\/\/mariorodriguezruiz.com\/?page_id=489","title":{"rendered":"\u00c1ngeles"},"content":{"rendered":"<p>El trabajo centrado en esta serie, desarrollado entre 1997 y 2002, surgi\u00f3 de la necesidad de representar la tensi\u00f3n que genera la concepci\u00f3n dual de la realidad. Los \u00e1ngeles fueron elegidos como s\u00edmbolos de lo intangible, de ese mundo superior que tal vez exista en alguna parte. En el lado opuesto de esta significaci\u00f3n se sit\u00faan los sentimientos que transmiten, propios del mundo terrenal, como la soledad, la alegr\u00eda o el deseo.<\/p>\n<p>Las composiciones de esta serie fueron construidas a partir de im\u00e1genes de esculturas, dibujos del natural o fotograf\u00edas publicadas en los medios de masas, tomando el collage como punto de partida.<\/p>\n<p>&nbsp;<\/p>\n","protected":false},"excerpt":{"rendered":"<p>El trabajo centrado en esta serie, desarrollado entre 1997 y 2002, surgi\u00f3 de la necesidad de representar la tensi\u00f3n que genera la&#8230;<\/p>\n","protected":false},"author":1,"featured_media":0,"parent":0,"menu_order":0,"comment_status":"open","ping_status":"open","template":"portfolioconentrada.php","meta":{"footnotes":""},"class_list":["post-489","page","type-page","status-publish","hentry"],"jetpack_sharing_enabled":true,"_links":{"self":[{"href":"https:\/\/mariorodriguezruiz.com\/index.php?rest_route=\/wp\/v2\/pages\/489","targetHints":{"allow":["GET"]}}],"collection":[{"href":"https:\/\/mariorodriguezruiz.com\/index.php?rest_route=\/wp\/v2\/pages"}],"about":[{"href":"https:\/\/mariorodriguezruiz.com\/index.php?rest_route=\/wp\/v2\/types\/page"}],"author":[{"embeddable":true,"href":"https:\/\/mariorodriguezruiz.com\/index.php?rest_route=\/wp\/v2\/users\/1"}],"replies":[{"embeddable":true,"href":"https:\/\/mariorodriguezruiz.com\/index.php?rest_route=%2Fwp%2Fv2%2Fcomments&post=489"}],"version-history":[{"count":11,"href":"https:\/\/mariorodriguezruiz.com\/index.php?rest_route=\/wp\/v2\/pages\/489\/revisions"}],"predecessor-version":[{"id":1122,"href":"https:\/\/mariorodriguezruiz.com\/index.php?rest_route=\/wp\/v2\/pages\/489\/revisions\/1122"}],"wp:attachment":[{"href":"https:\/\/mariorodriguezruiz.com\/index.php?rest_route=%2Fwp%2Fv2%2Fmedia&parent=489"}],"curies":[{"name":"wp","href":"https:\/\/api.w.org\/{rel}","templated":true}]}}