{"id":5,"date":"2014-10-30T16:36:47","date_gmt":"2014-10-30T16:36:47","guid":{"rendered":"http:\/\/mariorodriguezruiz.com\/?page_id=5"},"modified":"2014-11-03T20:01:12","modified_gmt":"2014-11-03T19:01:12","slug":"impresion-digital","status":"publish","type":"page","link":"https:\/\/mariorodriguezruiz.com\/?page_id=5","title":{"rendered":"Impresi\u00f3n Digital"},"content":{"rendered":"<p>En estas obras los cuerpos son construidos a partir de fragmentos de otros cuerpos, utilizando el foto collage digital como t\u00e9cnica de base. Sabemos que mediante la descontextualizaci\u00f3n o la combinaci\u00f3n de diferentes contextos, el collage facilita el clic, la chispa que nos conecta con otras realidades. Lo que puede contribuir a cuestionar la realidad que conocemos.<\/p>\n<p>T\u00e9cnicamente, la realizaci\u00f3n de estas piezas tiene como objetivo las posibilidades que surgen al conectar el m\u00e9todo tradicional de pintura por capas trasl\u00facidas con el retoque digital. Esta conexi\u00f3n permite superponer elementos mediante capas de manera flexible y trabajar con varias versiones diferentes sobre un mismo tema.<\/p>\n","protected":false},"excerpt":{"rendered":"<p>En estas obras los cuerpos son construidos a partir de fragmentos de otros cuerpos, utilizando el foto collage digital como t\u00e9cnica de&#8230;<\/p>\n","protected":false},"author":1,"featured_media":0,"parent":0,"menu_order":0,"comment_status":"open","ping_status":"open","template":"portfolio.php","meta":{"footnotes":""},"class_list":["post-5","page","type-page","status-publish","hentry"],"jetpack_sharing_enabled":true,"_links":{"self":[{"href":"https:\/\/mariorodriguezruiz.com\/index.php?rest_route=\/wp\/v2\/pages\/5","targetHints":{"allow":["GET"]}}],"collection":[{"href":"https:\/\/mariorodriguezruiz.com\/index.php?rest_route=\/wp\/v2\/pages"}],"about":[{"href":"https:\/\/mariorodriguezruiz.com\/index.php?rest_route=\/wp\/v2\/types\/page"}],"author":[{"embeddable":true,"href":"https:\/\/mariorodriguezruiz.com\/index.php?rest_route=\/wp\/v2\/users\/1"}],"replies":[{"embeddable":true,"href":"https:\/\/mariorodriguezruiz.com\/index.php?rest_route=%2Fwp%2Fv2%2Fcomments&post=5"}],"version-history":[{"count":4,"href":"https:\/\/mariorodriguezruiz.com\/index.php?rest_route=\/wp\/v2\/pages\/5\/revisions"}],"predecessor-version":[{"id":306,"href":"https:\/\/mariorodriguezruiz.com\/index.php?rest_route=\/wp\/v2\/pages\/5\/revisions\/306"}],"wp:attachment":[{"href":"https:\/\/mariorodriguezruiz.com\/index.php?rest_route=%2Fwp%2Fv2%2Fmedia&parent=5"}],"curies":[{"name":"wp","href":"https:\/\/api.w.org\/{rel}","templated":true}]}}