{"id":52,"date":"2014-10-30T18:58:32","date_gmt":"2014-10-30T17:58:32","guid":{"rendered":"http:\/\/mariorodriguezruiz.com\/?page_id=52"},"modified":"2023-03-14T18:58:33","modified_gmt":"2023-03-14T17:58:33","slug":"inicio","status":"publish","type":"page","link":"https:\/\/mariorodriguezruiz.com\/","title":{"rendered":"Inicio"},"content":{"rendered":"<p><strong>Pintor y profesor de dibujo art\u00edstico en la Escuela de Arte y Superior de Dise\u00f1o de Alicante (EASDA). Ha realizado adem\u00e1s varios trabajos de investigaci\u00f3n sobre Arte Contempor\u00e1neo.<\/strong><\/p>\n<p>Las obras de Mario Rodr\u00edguez Ruiz surgen de la necesidad conectar con las corrientes art\u00edsticas contempor\u00e1neas que investigan hasta qu\u00e9 punto es posible enlazar la tradici\u00f3n pict\u00f3rica con las nuevas tecnolog\u00edas, desde diferentes puntos de vista.<\/p>\n<p>Uno de los temas fundamentales en la pintura de Mario Rodr\u00edguez Ruiz es la aproximaci\u00f3n al mundo cotidiano: el choque visual de las construcciones humanas con la naturaleza, la transformaci\u00f3n del territorio rural, el redise\u00f1o de estructuras urbanas,\u00a0 las carreteras, los coches, los espacios solitarios, etc.<\/p>\n<p>Por otra parte, Rodr\u00edguez Ruiz ha desarrollado proyectos centrados en la reflexi\u00f3n sobre la realidad en la que nos encontramos inmersos. Las obras incluidas en estos proyectos intentan a menudo dar visibilidad a la tensi\u00f3n generada por la concepci\u00f3n dual del mundo, situando en un mismo plano s\u00edmbolos que representan conceptos antag\u00f3nicos: lo sagrado frente al pecado, diversidad cultural frente a identidad. En estas propuestas art\u00edsticas, la mirada del pintor se dirige hacia la realidad interior del ser humano, cuestionando arquetipos, investigando los v\u00ednculos de la sociedad contempor\u00e1nea con las culturas ancestrales, e indagando hasta qu\u00e9 punto determinan nuestra realidad las alteraciones con las cuales nos enfrentamos a lo largo de nuestra existencia.<\/p>\n","protected":false},"excerpt":{"rendered":"<p>Pintor y profesor de dibujo art\u00edstico en la Escuela de Arte y Superior de Dise\u00f1o de Alicante (EASDA). Ha realizado adem\u00e1s varios&#8230;<\/p>\n","protected":false},"author":1,"featured_media":0,"parent":0,"menu_order":0,"comment_status":"closed","ping_status":"open","template":"","meta":{"footnotes":""},"class_list":["post-52","page","type-page","status-publish","hentry"],"jetpack_sharing_enabled":true,"_links":{"self":[{"href":"https:\/\/mariorodriguezruiz.com\/index.php?rest_route=\/wp\/v2\/pages\/52","targetHints":{"allow":["GET"]}}],"collection":[{"href":"https:\/\/mariorodriguezruiz.com\/index.php?rest_route=\/wp\/v2\/pages"}],"about":[{"href":"https:\/\/mariorodriguezruiz.com\/index.php?rest_route=\/wp\/v2\/types\/page"}],"author":[{"embeddable":true,"href":"https:\/\/mariorodriguezruiz.com\/index.php?rest_route=\/wp\/v2\/users\/1"}],"replies":[{"embeddable":true,"href":"https:\/\/mariorodriguezruiz.com\/index.php?rest_route=%2Fwp%2Fv2%2Fcomments&post=52"}],"version-history":[{"count":9,"href":"https:\/\/mariorodriguezruiz.com\/index.php?rest_route=\/wp\/v2\/pages\/52\/revisions"}],"predecessor-version":[{"id":2224,"href":"https:\/\/mariorodriguezruiz.com\/index.php?rest_route=\/wp\/v2\/pages\/52\/revisions\/2224"}],"wp:attachment":[{"href":"https:\/\/mariorodriguezruiz.com\/index.php?rest_route=%2Fwp%2Fv2%2Fmedia&parent=52"}],"curies":[{"name":"wp","href":"https:\/\/api.w.org\/{rel}","templated":true}]}}