{"id":578,"date":"2014-11-13T18:35:17","date_gmt":"2014-11-13T17:35:17","guid":{"rendered":"http:\/\/mariorodriguezruiz.com\/?page_id=578"},"modified":"2015-12-12T09:52:15","modified_gmt":"2015-12-12T08:52:15","slug":"vi-encuentros-de-arte","status":"publish","type":"page","link":"https:\/\/mariorodriguezruiz.com\/?page_id=578","title":{"rendered":"VI Encuentros de arte"},"content":{"rendered":"<p><strong>Juana Mar\u00eda Balsalobre<\/strong>: cat\u00e1logo de los <em>VI Encuentros de Arte<\/em>. Alicante, Instituto de Cultura Juan Gil-Albert, 2004.<\/p>\n<p>Mario Rodr\u00edguez Ruiz quiere expresar de forma pl\u00e1stica la tensi\u00f3n que genera la dualidad de las cosas, la mezcla de culturas. Para \u00e9l sus obras transmiten una idea de tr\u00e1nsito, son im\u00e1genes indefinidas, fruto de una conjunci\u00f3n de s\u00edmbolos y de realidades; son atemporales. Una de sus fuentes de estudio parte de la historia del arte de las culturas de la Antig\u00fcedad, donde se muestran los rasgos faciales caracter\u00edsticos de cada una de ellas, desde los diversos mundos como el de los egipcios y el de los aztecas. Por otro lado, su an\u00e1lisis se centra en la combinaci\u00f3n de im\u00e1genes mezcladas para componer el retrato, porque el artista recurre a apuntes del natural, a fotograf\u00edas suyas y a las que toma de peri\u00f3dicos, revistas, carteles o de la televisi\u00f3n para crear sus obras.<\/p>\n<p>De su inter\u00e9s social y art\u00edstico por las culturas ind\u00edgenas norteamericanas tenemos, en esta muestra, el dibujo en grafito sobre papel, Figura de tierra y paja, la pintura acr\u00edlica sobre tabla, M\u00e1scara de tierra y paja y El salto, resuelto con un dibujo de suelta y en\u00e9rgica factura y a\u00f1adidos puntuales para resaltar la original composici\u00f3n. Tambi\u00e9n se expone la pintura al \u00f3leo y acr\u00edlica sobre tabla, que lleva por t\u00edtulo 27-5-03\/132, en la que, adem\u00e1s de sugerir lo indefinido numeral, plantea la intensidad de la figura a trav\u00e9s de masas tonales y repetici\u00f3n casi mec\u00e1nica de l\u00edneas. En el Retrato robot del asesino de Geneva Hillicker dibuja y desdibuja para mostrar las realidades interiores del hombre pero tambi\u00e9n la idea integraci\u00f3n, donde se mezclan personas de diferentes edades, sexos y grupos \u00e9tnicos.<\/p>\n","protected":false},"excerpt":{"rendered":"<p>Juana Mar\u00eda Balsalobre: cat\u00e1logo de los VI Encuentros de Arte. Alicante, Instituto de Cultura Juan Gil-Albert, 2004. Mario Rodr\u00edguez Ruiz quiere expresar&#8230;<\/p>\n","protected":false},"author":1,"featured_media":0,"parent":0,"menu_order":0,"comment_status":"open","ping_status":"open","template":"","meta":{"footnotes":""},"class_list":["post-578","page","type-page","status-publish","hentry"],"jetpack_sharing_enabled":true,"_links":{"self":[{"href":"https:\/\/mariorodriguezruiz.com\/index.php?rest_route=\/wp\/v2\/pages\/578","targetHints":{"allow":["GET"]}}],"collection":[{"href":"https:\/\/mariorodriguezruiz.com\/index.php?rest_route=\/wp\/v2\/pages"}],"about":[{"href":"https:\/\/mariorodriguezruiz.com\/index.php?rest_route=\/wp\/v2\/types\/page"}],"author":[{"embeddable":true,"href":"https:\/\/mariorodriguezruiz.com\/index.php?rest_route=\/wp\/v2\/users\/1"}],"replies":[{"embeddable":true,"href":"https:\/\/mariorodriguezruiz.com\/index.php?rest_route=%2Fwp%2Fv2%2Fcomments&post=578"}],"version-history":[{"count":4,"href":"https:\/\/mariorodriguezruiz.com\/index.php?rest_route=\/wp\/v2\/pages\/578\/revisions"}],"predecessor-version":[{"id":1242,"href":"https:\/\/mariorodriguezruiz.com\/index.php?rest_route=\/wp\/v2\/pages\/578\/revisions\/1242"}],"wp:attachment":[{"href":"https:\/\/mariorodriguezruiz.com\/index.php?rest_route=%2Fwp%2Fv2%2Fmedia&parent=578"}],"curies":[{"name":"wp","href":"https:\/\/api.w.org\/{rel}","templated":true}]}}