{"id":673,"date":"2014-11-30T12:11:54","date_gmt":"2014-11-30T11:11:54","guid":{"rendered":"http:\/\/mariorodriguezruiz.com\/?page_id=673"},"modified":"2024-09-26T14:11:10","modified_gmt":"2024-09-26T12:11:10","slug":"selecciones-y-premios","status":"publish","type":"page","link":"https:\/\/mariorodriguezruiz.com\/?page_id=673","title":{"rendered":"Selecciones"},"content":{"rendered":"<p><em>III Convocatoria P\u00fablica Internacional de Proyectos Expositivos. <\/em>Museo del Mar santa Pola. 2022.<\/p>\n<p>Convocatoria de Proyectos Exposicitivos Sede Universitaria Ciudad de Alicante. 2022.<\/p>\n<p>XLVIII Concurso de Pintura <em>Ciudad de Martos<\/em>. Martos, Ja\u00e9n.<\/p>\n<p>Corp\u00f3rea. <a title=\"Cat\u00e1logo Corp\u00f3rea\" href=\"http:\/\/www.mua.ua.es\/pagina.php?opc=54&amp;lang=1&amp;id=134\" target=\"_blank\" rel=\"noopener\">Cat\u00e1logo <\/a>(JIM\u00c9NEZ RANEDA, Ignacio, G\u00d3MEZ MORENO, Bernab\u00e9, y ANGELINI, Milagros: <em>Corp\u00f3rea<\/em>. <em>Representaciones del cuerpo en la modernidad<\/em>. Universidad de Alicante, marzo-mayo de 2009)<\/p>\n<p>Bienal Internacional de Dibujo \u201cJosep Amat\u201d. Cat\u00e1logo (AMAT, Jos\u00e9 y VILA, Jordi: <em>Bienal Internacional de Dibujo \u201cJosep Amat\u201d<\/em>. Sant Feliu de Guixols, agosto-septiembre de 2007).<\/p>\n<p>Certamen de Dibujo y Pintura \u201cCiudad de Tomelloso\u201d, 2007. Cat\u00e1logo (COTILLAS, C. Manuel: <em>Ciudad de Tomelloso<\/em>, agosto de 2007. CR\/618\/2007).<\/p>\n<p>Premio de Pintura \u201cAula de Artes Pl\u00e1sticas de la Universidad de Murcia\u201d, 2005. Cat\u00e1logo (BALLESTA GERM\u00c1N, Jos\u00e9, C\u00c1MARA BOT\u00cdA, Miguel \u00c1ngel, ROMERA AGULL\u00d3, Juan: <em>6 Premio de pintura \u201cAula de Artes Pl\u00e1sticas\u201d<\/em>. Universidad de Murcia, del 21 de octubre al 30 de noviembre de 2005. ISBN: mu-84-8371-559-7).<\/p>\n<p>XXII Premio de Pintura \u201cVila de Teulada\u201d, del 31 de marzo al 12 de mayo de 2005.<\/p>\n<p>VI Bienal de Pintura \u201cRafael Alberola\u201d (Obra adquirida). D\u00edptico (Novelda, del 1 al 23 de diciembre de 2004).<\/p>\n<p>EAC VI Concurso Encuentros de Arte Contempor\u00e1neo. <a title=\"VI Encuentros de Arte Contempor\u00e1neo\" href=\"http:\/\/www.mua.ua.es\/pagina.php?opc=32&amp;lang=1&amp;id=83\" target=\"_blank\" rel=\"noopener\">Cat\u00e1logo <\/a>(SANTOS MATAS, Joaqu\u00edn, RAMOS HIDALGO, Antonio, y BALASALOBRE GARC\u00cdA, Juana Mar\u00eda: <em>EAC VI Concurso Encuentros de Arte Contempor\u00e1neo<\/em>. Instituto Alicantino de Cultura Juan Gil-Albert, Universidad de Alicante, del 30 de julio al 23 de octubre de 2004). ISBN: 84-7784-453-4.<\/p>\n<p>XXXIV Concurso Nacional de Pintura \u201cVila de Sant Joan d\u00b4Alacant\u201d<em>. <\/em>D\u00edptico. Del 31 de agosto al 22 de septiembre de 2001).<\/p>\n<p>XIX Certamen de Pintura \u201cPintor Sorolla\u201d. Elda, del 1 al 20 de diciembre de<\/p>\n<p>VI Premio de Pintura \u201cPastor Calpena\u201d. Aspe, del 30 de octubre al 11 de noviembre de 1999.<\/p>\n<p>Convocatoria de Artes Pl\u00e1sticas. Cat\u00e1logo (VVAA.: <em>Convocatoria\u00b499. Artes Pl\u00e1sticas<\/em>. Diputaci\u00f3n Provincial de Alicante, agosto de 1999. ISBN: 84-87032-59-1).<\/p>\n<p>Premio Nacional de Pintura para J\u00f3venes \u201cCiudad de Castell\u00f3n\u201d, 1998.<\/p>\n<p>III Bienal de Pintura \u201cRafael Alberola\u201d. D\u00edptico. Novelda, del 6 al 26 de noviembre de 1998.<\/p>\n<p>Premio Nacional de Pintura para J\u00f3venes \u201cCiudad de Castell\u00f3n\u201d, 1997.<\/p>\n<p>Convocatoria de Artes Pl\u00e1sticas. Cat\u00e1logo (VVAA.: <em>Convocatoria\u00b497. Artes Pl\u00e1sticas<\/em>. Diputaci\u00f3n Provincial de Alicante, mayo de 1997. DL: A-653-1997).<\/p>\n<p>XVI Biennal de Pintura de Paterna. Cat\u00e1logo (DE LA CALLE, Rom\u00e1n et al.: <em>XVI Biennal de Pintura Vila de Paterna<\/em>. Del 13 de diciembre de 1996 al 17 de enero de 1997).<\/p>\n<p>IX Concurso Nacional de Pintura \u201cCreativo de Artes\u201d. D\u00edptico. Valladolid, Creativo de Artes. Escuela-Taller de Bellas Artes, del 15 de noviembre al 15 de diciembre de de<\/p>\n<p>III Concurso Auton\u00f3mico de Pintura de Vall d&#8217;Uix\u00f3, del 13 de diciembre de 1996 al 7 de enero de 1997.<\/p>\n<p>Fundaci\u00f3n Rodr\u00edguez-Acosta, Granada, septiembre de<\/p>\n<p>II Concurso de Pintura Joven de la Universidad de Alicante (Primera Menci\u00f3n Honor\u00edfica), 1994.<\/p>\n<p>XIII Concurso de Fotograf\u00eda y Pintura \u201cJos\u00e9 Mongrell\u201d. Cullera, Casa Municipal de Cultura, del 25 de abril al 14 de mayo de 1994.<\/p>\n","protected":false},"excerpt":{"rendered":"<p>III Convocatoria P\u00fablica Internacional de Proyectos Expositivos. Museo del Mar santa Pola. 2022. Convocatoria de Proyectos Exposicitivos Sede Universitaria Ciudad de Alicante&#8230;.<\/p>\n","protected":false},"author":1,"featured_media":0,"parent":0,"menu_order":0,"comment_status":"open","ping_status":"open","template":"","meta":{"footnotes":""},"class_list":["post-673","page","type-page","status-publish","hentry"],"jetpack_sharing_enabled":true,"_links":{"self":[{"href":"https:\/\/mariorodriguezruiz.com\/index.php?rest_route=\/wp\/v2\/pages\/673","targetHints":{"allow":["GET"]}}],"collection":[{"href":"https:\/\/mariorodriguezruiz.com\/index.php?rest_route=\/wp\/v2\/pages"}],"about":[{"href":"https:\/\/mariorodriguezruiz.com\/index.php?rest_route=\/wp\/v2\/types\/page"}],"author":[{"embeddable":true,"href":"https:\/\/mariorodriguezruiz.com\/index.php?rest_route=\/wp\/v2\/users\/1"}],"replies":[{"embeddable":true,"href":"https:\/\/mariorodriguezruiz.com\/index.php?rest_route=%2Fwp%2Fv2%2Fcomments&post=673"}],"version-history":[{"count":8,"href":"https:\/\/mariorodriguezruiz.com\/index.php?rest_route=\/wp\/v2\/pages\/673\/revisions"}],"predecessor-version":[{"id":2423,"href":"https:\/\/mariorodriguezruiz.com\/index.php?rest_route=\/wp\/v2\/pages\/673\/revisions\/2423"}],"wp:attachment":[{"href":"https:\/\/mariorodriguezruiz.com\/index.php?rest_route=%2Fwp%2Fv2%2Fmedia&parent=673"}],"curies":[{"name":"wp","href":"https:\/\/api.w.org\/{rel}","templated":true}]}}