{"id":677,"date":"2014-11-30T12:15:45","date_gmt":"2014-11-30T11:15:45","guid":{"rendered":"http:\/\/mariorodriguezruiz.com\/?page_id=677"},"modified":"2024-09-26T14:02:21","modified_gmt":"2024-09-26T12:02:21","slug":"exposiciones-individuales","status":"publish","type":"page","link":"https:\/\/mariorodriguezruiz.com\/?page_id=677","title":{"rendered":"Exposiciones individuales"},"content":{"rendered":"<p><em>Retratos del subterfugio. M\u00e1scaras y sacrificios en la exploraci\u00f3n de la identidad.\u00a0<\/em>Museo del Mar Santa Pola. Castillo-Fortaleza. Del 21 de septiembre al 25 de noviembre de 2024. <a href=\"https:\/\/museodelmarsantapola.com\/retratos-del-subterfugio\/\" target=\"_blank\" rel=\"noopener\">Cat\u00e1logo<\/a> de la exposici\u00f3n.<\/p>\n<p><em>Alteraci\u00f3n de los campos magn\u00e9ticos<\/em>. Universidad de Alicante. Sede Universitaria Ciudad de Alicante. Sala Juana Franc\u00e9s. Del 22 de enero al 12 de marzo de 2024. Comisariada por Natalia Molinos Navarro. \u00ab<a href=\"https:\/\/mariorodriguezruiz.com\/?p=2272\">Latir, sentir, vivir<\/a>\u00ab. Texto de Natalia Molinos, incluido en el <a href=\"https:\/\/web.ua.es\/es\/sedealicante\/documentos\/programa-de-actividades\/2023-2024\/catalogo-alteracion-de-los-campos-magneticos.pdf\" target=\"_blank\" rel=\"noopener\">cat\u00e1logo<\/a> de la exposici\u00f3n.<\/p>\n<p><em>Procesos alterados. Emoci\u00f3n y t\u00e9cnica.<\/em> Diputaci\u00f3n Provincial de Alicante. Sala de exposiciones del Palacio Provincial. Del 26 de noviembre de 2015 al 10 de enero de 2016. Comisariada por Natalia Molinos Navarro. <a href=\"https:\/\/mariorodriguezruiz.com\/?p=1217\" target=\"_blank\" rel=\"noopener\">Texto<\/a> de Natalia Molinos, incluido en el cat\u00e1logo de la exposici\u00f3n.<\/p>\n<p>El Escaparate, Alicante, del 4 al 29 de junio de 2014.<\/p>\n<p>Freaks Arts &amp; Gallery. Alicante, del 24 de abril al 1 de junio de 2014.<\/p>\n<p>Sala Luis Garay. Colegio Mayor el Azarbe. Universidad de Murcia, del 9 de noviembre al 15 de diciembre de 2006. <a href=\"https:\/\/mariorodriguezruiz.com\/?page_id=1129\" target=\"_blank\" rel=\"noopener\">Texto<\/a> de Francisco Javier Consuegra Panaligan, incluido en el cat\u00e1logo.<\/p>\n<p>Museo de Arte Contempor\u00e1neo de Castilla la Mancha. Hell\u00edn, del 23 de diciembre de 2005 al 7 de enero de 2006.<\/p>\n<p>Fundaci\u00f3n FICIA. Elda, del 19 de junio al 4 de julio de 2004. <a href=\"https:\/\/mariorodriguezruiz.com\/?page_id=849\" target=\"_blank\" rel=\"noopener\">Texto<\/a> de Ana Bel\u00e9n Mond\u00e9jar, incluido en el d\u00edptico de la exposici\u00f3n.<\/p>\n<p>Santa Fe Art Institute, Nuevo M\u00e9xico, EEUU, del 17 al 25 de agosto de 2002.<\/p>\n<p>Sala Naranja. D\u00edptico: <em>Mario Rodr\u00edguez Ruiz<\/em>. D\u00edptico. Valencia, del 24 de mayo al 16 de junio de 2002.<\/p>\n<p>Casa Grande del Jard\u00edn de la M\u00fasica. Ayuntamiento de Elda. D\u00edptico. Del 5 al 23 de octubre de 2001.<\/p>\n<p>El patio de Jon\u00e1s. Galer\u00eda-Bar. D\u00edptico. Mon\u00f3var, del 27 de noviembre al 19 de diciembre de 1993.<\/p>\n","protected":false},"excerpt":{"rendered":"<p>Retratos del subterfugio. M\u00e1scaras y sacrificios en la exploraci\u00f3n de la identidad.\u00a0Museo del Mar Santa Pola. Castillo-Fortaleza. Del 21 de septiembre al&#8230;<\/p>\n","protected":false},"author":1,"featured_media":0,"parent":0,"menu_order":0,"comment_status":"open","ping_status":"open","template":"","meta":{"footnotes":""},"class_list":["post-677","page","type-page","status-publish","hentry"],"jetpack_sharing_enabled":true,"_links":{"self":[{"href":"https:\/\/mariorodriguezruiz.com\/index.php?rest_route=\/wp\/v2\/pages\/677","targetHints":{"allow":["GET"]}}],"collection":[{"href":"https:\/\/mariorodriguezruiz.com\/index.php?rest_route=\/wp\/v2\/pages"}],"about":[{"href":"https:\/\/mariorodriguezruiz.com\/index.php?rest_route=\/wp\/v2\/types\/page"}],"author":[{"embeddable":true,"href":"https:\/\/mariorodriguezruiz.com\/index.php?rest_route=\/wp\/v2\/users\/1"}],"replies":[{"embeddable":true,"href":"https:\/\/mariorodriguezruiz.com\/index.php?rest_route=%2Fwp%2Fv2%2Fcomments&post=677"}],"version-history":[{"count":9,"href":"https:\/\/mariorodriguezruiz.com\/index.php?rest_route=\/wp\/v2\/pages\/677\/revisions"}],"predecessor-version":[{"id":2420,"href":"https:\/\/mariorodriguezruiz.com\/index.php?rest_route=\/wp\/v2\/pages\/677\/revisions\/2420"}],"wp:attachment":[{"href":"https:\/\/mariorodriguezruiz.com\/index.php?rest_route=%2Fwp%2Fv2%2Fmedia&parent=677"}],"curies":[{"name":"wp","href":"https:\/\/api.w.org\/{rel}","templated":true}]}}