{"id":723,"date":"2015-01-11T10:23:34","date_gmt":"2015-01-11T09:23:34","guid":{"rendered":"http:\/\/mariorodriguezruiz.com\/?page_id=723"},"modified":"2016-07-29T15:01:17","modified_gmt":"2016-07-29T14:01:17","slug":"prensa","status":"publish","type":"page","link":"https:\/\/mariorodriguezruiz.com\/?page_id=723","title":{"rendered":"Prensa"},"content":{"rendered":"<p>\u00ab<a href=\"http:\/\/www.elperiodic.com\/alicante\/noticias\/453303_segundo-encuentro-alicante-asociaci%C3%B3n-kasbah-artista-julio.html\">Segundo Encuentro en Alicante de la \u00abAsociaci\u00f3n La Kasbah del Artista<\/a>\u00ab, del 25 al 30 de julio\u00bb. El peri\u00f3dico, 24.7.2016.<\/p>\n<p>VELANDIA, Manuel: \u00ab<a href=\"http:\/\/alicantemag.com\/arte\/encuentro-artistico-internacional-alicante-exposicion-nourdine-tabbai-freaks-arts-gallery\">Encuentro art\u00edstico internacional en Alicante y Exposici\u00f3n de Nourdine Tabbai en Freaks Arts Gallery<\/a>\u00ab. <em>Alicante Mag<\/em>, 26.7.2016.<\/p>\n<p>\u00ab<a href=\"http:\/\/www.bonart.cat\/actual\/processos-alterats-emocio-i-tecnica-de-mario-rodriguez-ruiz\/?utm_campaign=shareaholic&amp;utm_medium=facebook&amp;utm_source=socialnetwork\" target=\"_blank\">Processos Alterats. Emoci\u00f3 i T\u00e8cnica, de Mario Rodr\u00edguez Ruiz<\/a>\u00ab. <em>Bonart<\/em>, 28.12.2016.<\/p>\n<p>DE MANUEL ROZAL\u00c9N, Juan Carlos: \u00ab<a href=\"http:\/\/www.diarioinformacion.com\/opinion\/2015\/12\/19\/mario-rodriguez-ruiz\/1708937.html\">Mario Rodr\u00edguez Ruiz<\/a>\u00ab. <em>Informaci\u00f3n<\/em>, Alicante, 19 de diciembre de 2015, p.70.<\/p>\n<p>VELANDIA, Manuel: \u00ab<a href=\"http:\/\/alicantemag.com\/arte\/pintura\/mario-rodriguez-angel-caido\" target=\"_blank\">Mario Rodr\u00edguez: \u00e1ngel ca\u00eddo<\/a>\u00ab. Alicante Mag, 10.12.2015.<\/p>\n<p>\u00ab<a href=\"http:\/\/www.diarioinformacion.com\/elda\/2015\/11\/30\/arte-monovero-diputacion-alicante\/1702248.html\" target=\"_blank\">Arte monovero en la Diputaci\u00f3n de Alicante<\/a>\u00ab. <em>Informaci\u00f3n.es<\/em>. 2.12.2015.<\/p>\n<p>\u00ab<a href=\"http:\/\/www.diarioinformacion.com\/cultura\/2015\/11\/28\/muestra-mario-rodriguez\/1701745.html\" target=\"_blank\">Muestra de Mario Rodr\u00edguez<\/a>\u00ab. <em>Informaci\u00f3n.es. 28.11.2015.<\/em><\/p>\n<p>\u00ab<a href=\"http:\/\/alicantemag.com\/arte\/pintura\/mario-rodriguez-expone-sus-obras-contemporaneas-en-el-palacio-provincial\" target=\"_blank\">Mario Rodr\u00edguez expone sus obras contempor\u00e1neas en el Palacio Provincia<\/a>l\u00bb. Alicante Mag. Revista de cultura y tendencias. 27.11.2015<\/p>\n<p>R.A.: \u00ab<a href=\"http:\/\/www.laverdad.es\/alicante\/culturas\/201511\/27\/muestra-mario-rodriguez-20151127003401-v.html\" target=\"_blank\">Muestra de Mario Rodr\u00edguez<\/a>\u00ab. La Verdad.es. 27.11.2015.<\/p>\n<p>\u00ab<a href=\"http:\/\/www.diputacionalicante.es\/es\/LaDiputacion\/GabineteDeComunicacion\/Noticias\/Paginas\/El-Palacio-Provincial-acoge-una-exposici%C3%B3n-con-m%C3%A1s-de-una-treintena-de-obras-contempor%C3%A1neas-del-artista-monovero-Mario-Rodr.aspx#.VleB3SrvHQk.facebook\" target=\"_blank\">El Palacio Provincial acoge una exposici\u00f3n con m\u00e1s de una treintena de obras contempor\u00e1neas del artista monovero Mario Rodr\u00edguez<\/a>\u00ab. Diputaci\u00f3n Provincial de Alicante. Gabinete de Comunicaci\u00f3n. 26.11.2015.<\/p>\n<p>\u00ab<a href=\"http:\/\/www.elperiodic.com\/alicante\/noticias\/407391_palacio-provincial-acoge-exposicion-treintena-obras-contemporaneas-mario-rodriguez.html#.VleBqgKcjeI.facebook\" target=\"_blank\">El Palacio Provincial acoge una exposici\u00f3n con m\u00e1s de una treintena de obras contempor\u00e1neas de Mario Rodr\u00edguez<\/a>\u00ab. El periodic.com. 26.11.2015.<\/p>\n<p>\u201c<a title=\"Bonart\" href=\"http:\/\/www.bonart.cat\/actual\/inauguracio-de-la-col%C2%B7lectiva-2014-a-freaks\/\" target=\"_blank\">Inauguraci\u00f3 de la col.lectiva 2014 a Freaks<\/a>\u201d. <em>Bonart<\/em>, Girona, 10.1.2015.<\/p>\n<p>Anna Roig: \u00ab<a title=\"El Salitre\" href=\"http:\/\/salitrerevistacultural.com\/mario-rodriguez-ruiz-inspirado-por-su-entorno\/\" target=\"_blank\">Mario Rodr\u00edguez ruiz, inspidrado por su entorno<\/a>\u00ab. Entrevista. <em>El Salitre<\/em>, 26.6.2014.<\/p>\n<p>Ram\u00f3n Palmeral: \u00ab<a title=\"Nuevo Impulso\" href=\"http:\/\/pepebragas.blogspot.com.es\/2014\/04\/exposicion-de-mario-rodriguez-en-freaks.html?spref=fb\" target=\"_blank\">Exposici\u00f3n de Mario Rodr\u00edguez en Freaks Arts Bar<\/a>\u00ab. <em>Nuevo Impulso<\/em>, 24.4.2014.<\/p>\n<p>Rafa Jover: \u00ab<a title=\"Diario Informaci\u00f3n\" href=\"http:\/\/www.diarioinformacion.com\/elda\/2014\/04\/23\/profesor-mario-rodriguez-expone-manana\/1494054.html\" target=\"_blank\">El profesor Mario Rodr\u00edguez expone ma\u00f1ana en Alicante<\/a>\u00ab. <em>Informaci\u00f3n<\/em>, Alicante, 23.4.2014.<\/p>\n<p>Rafa Jover: \u00ab<a title=\"Informaci\u00f3n\" href=\"http:\/\/www.diarioinformacion.com\/elda\/2013\/11\/12\/vidal-maestre-piedra-angular-palera\/1436528.html\" target=\"_blank\">Luis Vidal, piedra angular de El Palera<\/a>\u00ab. <em>Informaci\u00f3n<\/em>, Alicante, 12.11.2013.<\/p>\n<p>\u00ab<a title=\"Veu. Universidad de Alicante\" href=\"http:\/\/www.veu.ua.es\/es\/noticia\/2677\/el+mua+selecciona+62+obras+para+corporea.html\" target=\"_blank\">El MUA seleciona 62 obras para Corp\u00f3rea<\/a>\u00ab. <em>Veu<\/em>, Universidad de Alicante, 2.2.2009.<\/p>\n<p>\u00ab<a title=\"La Verdad\" href=\"http:\/\/www.ua.es\/dossierprensa\/2008\/09\/19\/11.html\" target=\"_blank\">El Museo de la Universidad de Alicante crea la convocatoria art\u00edstica Corp\u00f3rea<\/a>\u00ab. <em>La Verdad<\/em>, Alicante, 19.9.2008.<\/p>\n<p>\u00ab<a title=\"Guixols\" href=\"http:\/\/www.guixols.cat\/component\/content\/article\/315-iv-biennal-internacional-de-dibuix-josep-amat-2007.html\" target=\"_blank\">IV Biennal internacional de dibuix Josep Amat 2007<\/a>\u00ab. <em>Guixols<\/em>, Ayuntamiento de Sant Feliu de Guixols, 2007.<\/p>\n<p>\u00ab<a href=\"https:\/\/www.um.es\/campusdigital\/agendaFOTOS\/2006\/11-Noviembre-2006\/imag09_11_06.htm\" target=\"_blank\">Inauguraci\u00f3n de la exposici\u00f3n: \u00abEl paisaje de lo cotidinao\u00bb, con obras de Mario Rodr\u00edguez Ruiz<\/a>\u00ab. Campus digital. Vicerrectorado de Informaci\u00f3n, Comunicaci\u00f3n e Innovaci\u00f3n. Servicio de Comunicaci\u00f3n y Proyecci\u00f3n Universitaria. Producci\u00f3n y Archivo Audiovisual. Universidad de Murcia.<\/p>\n<p><a href=\"https:\/\/www.um.es\/campusdigital\/agendaFOTOS\/2006\/11-Noviembre-2006\/imag09_11_06.htm\" target=\"_blank\">\u00abTertulia de Arte: El paisaje de lo cotidiano, con Francisco Javier Consuegra, fot\u00f3grafo e Historiador del Arte\u00bb. Campus digital. Vicerrectorado de Informaci\u00f3n, Comunicaci\u00f3n e Innovaci\u00f3n. Servicio de Comunicaci\u00f3n y Proyecci\u00f3n Universitaria. Producci\u00f3n y Archivo Audiovisual. Universidad de Murcia.<\/a><\/p>\n<p>&nbsp;<\/p>\n<p>&nbsp;<\/p>\n<p>&nbsp;<\/p>\n<p>&nbsp;<\/p>\n<p>&nbsp;<\/p>\n<p>&nbsp;<\/p>\n","protected":false},"excerpt":{"rendered":"<p>\u00abSegundo Encuentro en Alicante de la \u00abAsociaci\u00f3n La Kasbah del Artista\u00ab, del 25 al 30 de julio\u00bb. El peri\u00f3dico, 24.7.2016. VELANDIA, Manuel:&#8230;<\/p>\n","protected":false},"author":1,"featured_media":0,"parent":0,"menu_order":0,"comment_status":"open","ping_status":"open","template":"","meta":{"footnotes":""},"class_list":["post-723","page","type-page","status-publish","hentry"],"jetpack_sharing_enabled":true,"_links":{"self":[{"href":"https:\/\/mariorodriguezruiz.com\/index.php?rest_route=\/wp\/v2\/pages\/723","targetHints":{"allow":["GET"]}}],"collection":[{"href":"https:\/\/mariorodriguezruiz.com\/index.php?rest_route=\/wp\/v2\/pages"}],"about":[{"href":"https:\/\/mariorodriguezruiz.com\/index.php?rest_route=\/wp\/v2\/types\/page"}],"author":[{"embeddable":true,"href":"https:\/\/mariorodriguezruiz.com\/index.php?rest_route=\/wp\/v2\/users\/1"}],"replies":[{"embeddable":true,"href":"https:\/\/mariorodriguezruiz.com\/index.php?rest_route=%2Fwp%2Fv2%2Fcomments&post=723"}],"version-history":[{"count":24,"href":"https:\/\/mariorodriguezruiz.com\/index.php?rest_route=\/wp\/v2\/pages\/723\/revisions"}],"predecessor-version":[{"id":1319,"href":"https:\/\/mariorodriguezruiz.com\/index.php?rest_route=\/wp\/v2\/pages\/723\/revisions\/1319"}],"wp:attachment":[{"href":"https:\/\/mariorodriguezruiz.com\/index.php?rest_route=%2Fwp%2Fv2%2Fmedia&parent=723"}],"curies":[{"name":"wp","href":"https:\/\/api.w.org\/{rel}","templated":true}]}}